{"id":11,"date":"2023-10-02T16:33:33","date_gmt":"2023-10-02T14:33:33","guid":{"rendered":"https:\/\/muzeumtatrzanskie.pl\/katalogi\/?page_id=11"},"modified":"2023-10-04T08:36:21","modified_gmt":"2023-10-04T06:36:21","slug":"strona-glowna","status":"publish","type":"page","link":"https:\/\/muzeumtatrzanskie.pl\/katalogi\/","title":{"rendered":"Strona g\u0142\u00f3wna"},"content":{"rendered":"\r\n\r\n<div class=\"mtarch-hero\">\r\n    <div class=\"mtarch-hero-container\">\r\n    <div class=\"columns\">\r\n        <div class=\"column\">\r\n            <div class=\"mtarch-hero-content\">\r\n                \n\n<h2 class=\"wp-block-heading\">Katalog Zbior\u00f3w Archiwalnych Muzeum Tatrza\u0144skiego <\/h2>\n\n\n\n<p>Naukowy Katalog Zbior\u00f3w Archiwalnych jest miejscem, gdzie historia staje si\u0119 \u017cywa, a przesz\u0142o\u015b\u0107 staje si\u0119 dost\u0119pna. Wierzymy, \u017ce ta platforma b\u0119dzie stanowi\u0107 niezb\u0119dne wsparcie dla wszystkich tych, kt\u00f3rzy pragn\u0105 zg\u0142\u0119bia\u0107 tajniki naszego dziedzictwa oraz przyczyni\u0107 si\u0119 do rozwoju nauki i kultury.<\/p>\n\n\n\n<div class=\"wp-block-buttons is-layout-flex wp-block-buttons-is-layout-flex\">\n<div class=\"wp-block-button\"><a class=\"wp-block-button__link wp-element-button\" href=\"https:\/\/muzeumtatrzanskie.pl\/katalogi\/archiwum_dokumentow\/\">Przejd\u017a do katalogu<\/a><\/div>\n<\/div>\n\n            <\/div>\r\n        <\/div>\r\n        <div class=\"column mtarch-hero-backdrop\">\r\n            <svg class=\"aa as dk md ph sk vy xh apc cuw\" viewBox=\"0 0 100 100\" preserveAspectRatio=\"none\" aria-hidden=\"true\"><polygon points=\"0,0 90,0 50,100 0,100\"><\/polygon><\/svg>\r\n            <img decoding=\"async\" src=\"https:\/\/muzeumtatrzanskie.pl\/katalogi\/wp-content\/uploads\/2023\/10\/r14mpqs3hqpee8qmp46dkpb7hfsgkp6u.jpg \" class=\"mtarch-hero-backdrop\" \/>\r\n        <\/div>\r\n    <\/div>\r\n    <\/div>\r\n<\/div>","protected":false},"excerpt":{"rendered":"","protected":false},"author":1,"featured_media":0,"parent":0,"menu_order":0,"comment_status":"closed","ping_status":"closed","template":"","meta":{"footnotes":""},"class_list":["post-11","page","type-page","status-publish","hentry"],"_links":{"self":[{"href":"https:\/\/muzeumtatrzanskie.pl\/katalogi\/wp-json\/wp\/v2\/pages\/11","targetHints":{"allow":["GET"]}}],"collection":[{"href":"https:\/\/muzeumtatrzanskie.pl\/katalogi\/wp-json\/wp\/v2\/pages"}],"about":[{"href":"https:\/\/muzeumtatrzanskie.pl\/katalogi\/wp-json\/wp\/v2\/types\/page"}],"author":[{"embeddable":true,"href":"https:\/\/muzeumtatrzanskie.pl\/katalogi\/wp-json\/wp\/v2\/users\/1"}],"replies":[{"embeddable":true,"href":"https:\/\/muzeumtatrzanskie.pl\/katalogi\/wp-json\/wp\/v2\/comments?post=11"}],"version-history":[{"count":6,"href":"https:\/\/muzeumtatrzanskie.pl\/katalogi\/wp-json\/wp\/v2\/pages\/11\/revisions"}],"predecessor-version":[{"id":41,"href":"https:\/\/muzeumtatrzanskie.pl\/katalogi\/wp-json\/wp\/v2\/pages\/11\/revisions\/41"}],"wp:attachment":[{"href":"https:\/\/muzeumtatrzanskie.pl\/katalogi\/wp-json\/wp\/v2\/media?parent=11"}],"curies":[{"name":"wp","href":"https:\/\/api.w.org\/{rel}","templated":true}]}}