{"id":3,"date":"2023-10-02T16:19:38","date_gmt":"2023-10-02T14:19:38","guid":{"rendered":"https:\/\/muzeumtatrzanskie.pl\/katalogi\/?page_id=3"},"modified":"2023-10-03T14:57:51","modified_gmt":"2023-10-03T12:57:51","slug":"polityka-prywatnosci","status":"publish","type":"page","link":"https:\/\/muzeumtatrzanskie.pl\/katalogi\/polityka-prywatnosci\/","title":{"rendered":"Polityka prywatno\u015bci"},"content":{"rendered":"\r\n\r\n<section class=\"mtarch-container-section\">\r\n        <div class=\"mtarch-container container is-max-desktop\" >\r\n            <div class=\"container is-max-desktop mtarch-content content\">\n<section class=\"mtarch-container-section\" class=\"wp-block-mtarchblockcategory-container\"><div class=\"olfp-container container is-max-desktop bg-c-- \"><div class=\"container is-max-desktop olfp-content content\">\n<h2 class=\"wp-block-heading has-x-large-font-size\">Informacje og\u00f3lne<\/h2>\n\n\n\n<p>Niniejsza strona internetowa jest administrowana przez Muzeum Tatrza\u0144skie im. Dra Tytusa Cha\u0142ubi\u0144skiego w Zakopanem, ul. Droga na Koziniec 8, 34-500 Zakopane. W przypadku korzystania ze Strony Internetowej mog\u0105 by\u0107 zbierane i wykorzystywane dane u\u017cytkownik\u00f3w Strony Internetowej, w tym dane osobowe.<\/p>\n\n\n\n<p>Dane U\u017cytkownik\u00f3w mog\u0105 by\u0107 zbierane w wyniku:<\/p>\n\n\n\n<ul class=\"wp-block-list\">\n<li>Stosowania plik\u00f3w cookie, zar\u00f3wno w\u0142asnych jak i pochodz\u0105cych od podmiot\u00f3w zewn\u0119trznych. Pliki cookie s\u0105 ma\u0142ymi plikami tekstowymi przechowywanymi na urz\u0105dzeniu U\u017cytkownika. S\u0105 one wykorzystywane w celu poprawy funkcjonalno\u015bci strony oraz \u015bledzenia zachowa\u0144 U\u017cytkownik\u00f3w na stronie w celach analitycznych i marketingowych. U\u017cytkownik ma mo\u017cliwo\u015b\u0107 zarz\u0105dzania preferencjami dotycz\u0105cymi plik\u00f3w cookie za po\u015brednictwem ustawie\u0144 przegl\u0105darki internetowej.<\/li>\n<\/ul>\n\n\n\n<p>Administrator dba o prawid\u0142owe zabezpieczenie danych U\u017cytkownik\u00f3w poprzez stosowanie odpowiednich \u015brodk\u00f3w organizacyjnych i technicznych.<\/p>\n\n\n\n<p>Bezpiecze\u0144stwo danych osobowych w trakcie przesy\u0142u zapewnia stosowany przez Administratora protok\u00f3\u0142 transmisji SSL. Protok\u00f3\u0142 koduje dane przed ich wys\u0142aniem z przegl\u0105darki U\u017cytkownika i dekoduje po bezpiecznym dotarciu na serwer Strony Internetowej.<\/p>\n\n\n\n<p>Nowa wersja Polityki Prywatno\u015bci obowi\u0105zuje od lipca 2023 r.<\/p>\n\n\n\n<p>W trosce o bezpiecze\u0144stwo powierzonych danych osobowych instytucja Muzeum Tatrza\u0144skie im. Dra Tytusa Cha\u0142ubi\u0144skiego w Zakopanem dzia\u0142a w oparciu o wewn\u0119trzne procedury i zalecenia, zgodne z odpowiednimi aktami prawnymi w zakresie ochrony danych osobowych, a w szczeg\u00f3lno\u015bci z Rozporz\u0105dzeniem Parlamentu Europejskiego i Rady (UE) 2016\/679 z dnia 27 kwietnia 2016 r. w sprawie ochrony os\u00f3b fizycznych w zwi\u0105zku z przetwarzaniem danych osobowych i w sprawie swobodnego przep\u0142ywu takich danych oraz uchylenia dyrektywy 95\/46 WE.<br>Muzeum Tatrza\u0144skie im. Dra Tytusa Cha\u0142ubi\u0144skiego w Zakopanem dok\u0142ada szczeg\u00f3lnej staranno\u015bci w celu ochrony interes\u00f3w os\u00f3b, kt\u00f3rych dane dotycz\u0105, a w szczeg\u00f3lno\u015bci zapewnia, i\u017c dane osobowe s\u0105:<\/p>\n\n\n\n<ul class=\"wp-block-list\">\n<li>przetwarzane zgodnie z prawem;<\/li>\n\n\n\n<li>zbierane dla oznaczonych, zgodnych z prawem cel\u00f3w i niepoddawane dalszemu przetwarzaniu niezgodnemu z tymi celami;<\/li>\n\n\n\n<li>merytorycznie poprawne i adekwatne w stosunku do cel\u00f3w, w jakich s\u0105 przetwarzane;<\/li>\n\n\n\n<li>przechowywane w postaci umo\u017cliwiaj\u0105cej identyfikacj\u0119 os\u00f3b, kt\u00f3rych dotycz\u0105, nie d\u0142u\u017cej ni\u017c jest to niezb\u0119dne do osi\u0105gni\u0119cia celu przetwarzania.<\/li>\n<\/ul>\n\n\n\n<h2 class=\"wp-block-heading\">Pliki cookies<\/h2>\n\n\n\n<p>Pliki cookies to niewielkie pliki tekstowe wysy\u0142ane do urz\u0105dzenia u\u017cytkownika ko\u0144cowego przez serwis internetowy podczas odwiedzania strony. Pliki te s\u0105 zapisywane na dysku twardym komputera u\u017cytkownika. Zale\u017cnie od rodzaju, pliki cookies s\u0105 usuwane po zako\u0144czeniu sesji przegl\u0105darki lub po d\u0142u\u017cszym czasie. Technologia ta jest wykorzystywana do u\u0142atwienia korzystania z serwisu oraz do cel\u00f3w statystycznych.<\/p>\n\n\n\n<p>U\u017cytkownik w ka\u017cdej chwili mo\u017ce odm\u00f3wi\u0107 udzielenia zgody na wykorzystywanie plik\u00f3w cookies poprzez zmian\u0119 ustawie\u0144 swojej przegl\u0105darki. Mo\u017cna zmieni\u0107 ustawienia dotycz\u0105ce plik\u00f3w cookies a\u017c do ca\u0142kowitego ich zablokowania. Warto jednak pami\u0119ta\u0107, \u017ce mo\u017ce to spowodowa\u0107 zablokowanie niekt\u00f3rych funkcji strony.<\/p>\n\n\n\n<p>UWAGA! Brak zmiany powy\u017cszych ustawie\u0144 w przegl\u0105darce oznacza wyra\u017cenie zgody przez u\u017cytkownika ko\u0144cowego na wykorzystywanie plik\u00f3w cookies przez stron\u0119.<\/p>\n\n\n\n<p>Jak zmieni\u0107 ustawienia w najpopularniejszych przegl\u0105darkach:<\/p>\n\n\n\n<p>Mozilla Firefox:<\/p>\n\n\n\n<ol class=\"wp-block-list\">\n<li>Wybierz menu przegl\u0105darki i przejd\u017a do Ustawienia &gt; Prywatno\u015b\u0107 i bezpiecze\u0144stwo.<\/li>\n\n\n\n<li>Wybierz odpowiedni\u0105 opcj\u0119 dotycz\u0105c\u0105 plik\u00f3w cookies.<\/li>\n<\/ol>\n\n\n\n<p>Google Chrome:<\/p>\n\n\n\n<ol class=\"wp-block-list\">\n<li>Wybierz menu przegl\u0105darki i przejd\u017a do Ustawienia &gt; Prywatno\u015b\u0107 i bezpiecze\u0144stwo &gt; Pliki cookie i inne dane witryn.<\/li>\n\n\n\n<li>Wybierz odpowiedni\u0105 opcj\u0119 dotycz\u0105c\u0105 plik\u00f3w cookies.<\/li>\n<\/ol>\n\n\n\n<p>Microsoft Edge:<\/p>\n\n\n\n<ol class=\"wp-block-list\">\n<li>Kliknij prawym przyciskiem myszy na ikon\u0119 przegl\u0105darki Microsoft Edge w prawym g\u00f3rnym rogu.<\/li>\n\n\n\n<li>Wybierz Ustawienia, a nast\u0119pnie Uprawnienia witryny.<\/li>\n\n\n\n<li>Wybierz Pliki cookie i dane witryn.<\/li>\n\n\n\n<li>W g\u00f3rnej cz\u0119\u015bci ekranu mo\u017cesz ca\u0142kowicie wy\u0142\u0105czy\u0107 zapisywanie plik\u00f3w cookies w pami\u0119ci podr\u0119cznej Twojej przegl\u0105darki Microsoft Edge.<\/li>\n<\/ol>\n\n\n\n<p>Nale\u017cy pami\u0119ta\u0107, \u017ce brak zgody na wykorzystywanie plik\u00f3w cookies mo\u017ce powodowa\u0107 nieprawid\u0142owe dzia\u0142anie lub brak dost\u0119pno\u015bci cz\u0119\u015bci funkcjonalno\u015bci strony.<\/p>\n<\/div><\/div><\/section>\n<\/div>        <\/div>\r\n<\/section>","protected":false},"excerpt":{"rendered":"","protected":false},"author":1,"featured_media":0,"parent":0,"menu_order":0,"comment_status":"closed","ping_status":"open","template":"","meta":{"footnotes":""},"class_list":["post-3","page","type-page","status-publish","hentry"],"_links":{"self":[{"href":"https:\/\/muzeumtatrzanskie.pl\/katalogi\/wp-json\/wp\/v2\/pages\/3","targetHints":{"allow":["GET"]}}],"collection":[{"href":"https:\/\/muzeumtatrzanskie.pl\/katalogi\/wp-json\/wp\/v2\/pages"}],"about":[{"href":"https:\/\/muzeumtatrzanskie.pl\/katalogi\/wp-json\/wp\/v2\/types\/page"}],"author":[{"embeddable":true,"href":"https:\/\/muzeumtatrzanskie.pl\/katalogi\/wp-json\/wp\/v2\/users\/1"}],"replies":[{"embeddable":true,"href":"https:\/\/muzeumtatrzanskie.pl\/katalogi\/wp-json\/wp\/v2\/comments?post=3"}],"version-history":[{"count":1,"href":"https:\/\/muzeumtatrzanskie.pl\/katalogi\/wp-json\/wp\/v2\/pages\/3\/revisions"}],"predecessor-version":[{"id":18,"href":"https:\/\/muzeumtatrzanskie.pl\/katalogi\/wp-json\/wp\/v2\/pages\/3\/revisions\/18"}],"wp:attachment":[{"href":"https:\/\/muzeumtatrzanskie.pl\/katalogi\/wp-json\/wp\/v2\/media?parent=3"}],"curies":[{"name":"wp","href":"https:\/\/api.w.org\/{rel}","templated":true}]}}