{"id":29,"date":"2019-08-21T19:28:19","date_gmt":"2019-08-21T17:28:19","guid":{"rendered":"http:\/\/muzeumtatrzanskie.pl\/portal\/?page_id=29"},"modified":"2022-01-24T13:25:12","modified_gmt":"2022-01-24T12:25:12","slug":"projekty","status":"publish","type":"page","link":"https:\/\/muzeumtatrzanskie.pl\/portal\/projekty\/","title":{"rendered":"Projekty"},"content":{"rendered":"\n<h1 class=\"wp-block-heading\">ZBIORY MUZEUM TATRZA\u0143SKIEGO<\/h1>\n\n\n\n<p>Muzeum Tatrza\u0144skie zrealizowa\u0142o projekt \u201e<strong>Cyfrowe przetworzenie i udost\u0119pnienie zbior\u00f3w 2D w Muzeum Tatrza\u0144skim\u201d&nbsp;<\/strong>dofinansowany z Funduszy Europejskich.<\/p>\n\n\n\n<p>Celem projektu jest zwi\u0119kszenie poziomu wykorzystania technologii informacyjno-komunikacyjnych w procesie udost\u0119pniania regionalnych zasob\u00f3w kultury i dziedzictwa regionalnego poprzez powstanie infrastruktury umo\u017cliwiaj\u0105cej dost\u0119p do cyfrowych kopii obiekt\u00f3w posiadanych przez muzeum.<\/p>\n\n\n\n<p>Dofinansowanie projektu z UE: 348&nbsp;951,00 z\u0142<\/p>\n\n\n\n<p>W ramach projektu zdigitalizowano, przygotowano opisy i udost\u0119pniono nast\u0119puj\u0105ce obiekty:<\/p>\n\n\n\n<h3 class=\"wp-block-heading\"><strong>Slajdy i negatywy:<\/strong><\/h3>\n\n\n\n<ul class=\"wp-block-list\"><li>750 szklanych negatyw\u00f3w autorstwa J\u00f3zefa Oppenheima<\/li><li>145 szklanych negatyw\u00f3w autorstwa &nbsp;Borysa Wigilewa<\/li><li>200 negatyw\u00f3w autorstwa Henryka Podd\u0119bskiego<\/li><li>580 negatyw\u00f3w autorstwa Tadeusza Malickiego<\/li><li>292 negatywy autorstwa Teofila Studnickiego<\/li><li>54 negatywy autorstwa Jana Ma\u0142achowskiego<\/li><\/ul>\n\n\n\n<h3 class=\"wp-block-heading\"><strong>Albumy:<\/strong><\/h3>\n\n\n\n<ul class=\"wp-block-list\"><li>Awit Szubert, album heliograwiurowy \u201eTatry &#8211; 2 albumy\u201d<\/li><li>Karol Divald, album heliograwiurowy&nbsp; \u201eA Magas Tatra\u201d<\/li><li>Stanis\u0142aw Biza\u0144ski, album heliograwiurowy \u201eTatry\u201d<\/li><\/ul>\n\n\n\n<h3 class=\"wp-block-heading\"><strong>Ksi\u0105\u017cki<\/strong><\/h3>\n\n\n\n<p>najstarsze przewodniki tatrza\u0144skie autorstwa Marii Steczkowskiej, Eugeniusza Janoty, Walerego Eljasza Radzikowskiego, starodruk Townson Robert, Travels in Hungary (1797 r.) \u2013 \u0142\u0105cznie 10 sztuk<\/p>\n\n\n\n<h3 class=\"wp-block-heading\"><strong>Mapy<\/strong>:<\/h3>\n\n\n\n<p>\u201ePlan rozbudowy miasta Zakopanego\u201d- proj. Karol Stryje\u0144ski, 1924 r, \u201eMapa Zakopanego\u201d z 1907 r., uzupe\u0142niona w r.&nbsp; 1918 \u2013 \u0142\u0105cznie 2 sztuki<\/p>\n\n\n\n<h3 class=\"wp-block-heading\"><strong>Archiwalia:<\/strong><\/h3>\n\n\n\n<p>8 zespo\u0142\u00f3w<\/p>\n\n\n\n<ul class=\"wp-block-list\"><li>Zdobnictwo i budownictwo ludowe na Spi\u017cu (Szkice z wycieczki w 1909 r.) &#8211; Stok\u0142osa J\u00f3zef;<\/li><li>Ksi\u0119ga protoko\u0142\u00f3w Komitetu Obrony Podhala, Spisza, Orawy i okr\u0119gu Czadeckiego w Zakopanem;<\/li><li>Wspomnienia z podr\u00f3\u017cy po Tatrach &#8211; St\u0119czy\u0144ski Bogusz Zygmunt;<\/li><li>Ochrona przyrody Tatr [zesp\u00f3\u0142 materia\u0142\u00f3w zawieraj\u0105cy korespondencj\u0119 r\u00f3\u017cnych instytucji, protoko\u0142y posiedze\u0144, raporty, artyku\u0142y, m.in. dot. utworzenia Tatrza\u0144skiego Parku Narodowego] 1930-1938;<\/li><li>Cha\u0142ubi\u0144ski Tytus, Album z kolorowymi rysunkami mch\u00f3w;<\/li><li>Opis szczeg\u00f3\u0142owy granicy mi\u0119dzy Rzeczpospolit\u0105 Polsk\u0105 a Republik\u0105 Czesko-S\u0142owack\u0105 (&#8230;) na odcinku Tatr Wysokich i Bielskich oraz okolic Jaworzyny;<\/li><li>Ksi\u0119ga pami\u0105tkowa schroniska w Roztoce z lat 1932-1942;<\/li><li>Elementy struktury przestrzennej polskiego i s\u0142owackiego Podtatrza &#8211; \u017bycho\u0144 Stefan.<\/li><\/ul>\n\n\n\n<h3 class=\"wp-block-heading\"><strong>Muzealia z kolekcji sztuki Muzeum Tatrza\u0144skiego:<\/strong><\/h3>\n\n\n\n<ul class=\"wp-block-list\"><li>20 tysi\u0119cy slajd\u00f3w autorstwa W\u0142adys\u0142awa Hasiora<\/li><li>Kolekcja prac Stanis\u0142awa Ignacego Witkiewicza ,,Witkacego\u201d<\/li><li>Kolekcja kobierc\u00f3w wschodnich &#8211; zbi\u00f3r kobierc\u00f3w i tkanin wschodnich z kolekcji W\u0142odzimierza i Jerzego Kulczyckich.<\/li><li>,,Sztuki pi\u0119kne pod Tatrami\u201d &#8211; zbi\u00f3r prac artyst\u00f3w tworz\u0105cych zakopia\u0144sk\u0105 koloni\u0119 artystyczn\u0105, b\u0105d\u017a szukaj\u0105cych pod Tatrami inspiracji dla swej tw\u00f3rczo\u015bci, stanowi\u0105cy trzon muzealnych zasob\u00f3w sztuki.<\/li><li>Zesp\u00f3\u0142 prac Wojciecha Brzegi (1872-1941), kt\u00f3ry by\u0142 jednym z pierwszych (obok Jana G\u0105sienicy Szostaka i Stanis\u0142awa G\u0105sienicy Sobczaka) wykszta\u0142conych g\u00f3rali \u2013 artyst\u00f3w.<\/li><\/ul>\n\n\n<h6>&nbsp;<\/h6>\n<hr>\n<h6>&nbsp;<\/h6>\n<h1>PROJEKT &#8220;ARCHIWUM TATR I PODHALA&#8221;<\/h1>\n<h6>&nbsp;<\/h6>\n<p style=\"text-align: justify;\"><strong>Muzeum Tatrza\u0144skie we wsp\u00f3\u0142pracy z Tatrza\u0144skim Parkiem Narodowym zrealizowa\u0142o projekt pn. \u201eArchiwum Tatr i Podhala\u201d.<\/strong><\/p>\n<p style=\"text-align: justify;\">Jako efekt ko\u0144cowy projektu prezentujemy odwzorowania cyfrowe fotografii autorstwa W\u0142adys\u0142awa Wernera, Witolda Henryka Paryskiego, pe\u0142nych rocznik\u00f3w wybranych tytu\u0142\u00f3w prasy zakopia\u0144skiej: Zakopia\u0144ska Lista Go\u015bci\u201d (1888-1903), \u201eEcho Tatrza\u0144skie\u201d (1918-1919), \u201eG\u0142os Zakopia\u0144ski\u201d (1923-1927), \u201ePrzegl\u0105d Zakopia\u0144ski\u201d (1899-1906) wraz z metadanymi opisowymi.<\/p>\n<p style=\"text-align: justify;\"><strong>W\u0142adys\u0142aw Werner (1922-1982)<\/strong> \u2013 fotoreporter, fotografik. Po wojnie w Warszawie pracowa\u0142 jako fotoreporter w Centralnej Agencji Fotograficznej. W 1951 roku osiad\u0142 w Zakopanem. Jego fotoreporta\u017ce z Tatr i Podtatrza pojawia\u0142y si\u0119 w licznych czasopismach, a fotografie z tego regionu w wielu ksi\u0105\u017ckach i albumach. Sta\u0142 si\u0119 jednym z czo\u0142owych fotografik\u00f3w zakopia\u0144skich, uczestniczy\u0142 w wystawach zbiorowych i by\u0142 autorem wielu wystaw w\u0142asnych w kraju i zagranic\u0105.<\/p>\n<p style=\"text-align: justify;\"><strong>Witold Henryk Paryski (1909-2000)<\/strong> \u2013 bibliograf, taternik, przewodnik tatrza\u0144ski, ratownik TOPR, alpinista; autor szeregu opracowa\u0144 z szeroko poj\u0119tej tematyki g\u00f3rskiej. Zdj\u0119cia z kolekcji to unikatowy zbi\u00f3r fotografii tatrza\u0144skich oraz zdj\u0119cia dokumentuj\u0105ce polskie wyprawy w g\u00f3ry Europy i Ameryki Po\u0142udniowej. Cz\u0119\u015b\u0107 z nich zosta\u0142a wykonana w latach dwudziestych i trzydziestych XX w., cz\u0119\u015b\u0107 w latach pi\u0119\u0107dziesi\u0105tych ubieg\u0142ego wieku. Witold Henryk Paryski wykonywa\u0142 zdj\u0119cia w trakcie wypraw wspinaczkowych. S\u0105 to zdj\u0119cia topograficzne a tak\u017ce uwieczniaj\u0105ce taternik\u00f3w polskich okresu mi\u0119dzywojennego.<\/p>\n<h6>&nbsp;<\/h6>\n<p style=\"text-align: justify;\">Projekt dofinansowano ze \u015brodk\u00f3w Ministra Kultury i Dziedzictwa Narodowego pochodz\u0105cych z Funduszu Promocji Kultury.<\/p>\n<p><\/p>\n<p style=\"text-align: center;\"><a href=\"http:\/\/muzeumtatrzanskie.pl\/wp-content\/uploads\/2019\/06\/Projekt_Archiwum_Tatr_i_Podhala_20190618_LOGA.jpg\" target=\"_blank\" rel=\"noopener noreferrer\"><img loading=\"lazy\" decoding=\"async\" class=\"alignnone wp-image-7671\" src=\"http:\/\/muzeumtatrzanskie.pl\/wp-content\/uploads\/2019\/06\/Projekt_Archiwum_Tatr_i_Podhala_20190618_LOGA.jpg\" alt=\"\" width=\"1000\" height=\"111\"><\/a><\/p>","protected":false},"excerpt":{"rendered":"<p>ZBIORY MUZEUM TATRZA\u0143SKIEGO Muzeum Tatrza\u0144skie zrealizowa\u0142o projekt \u201eCyfrowe przetworzenie i udost\u0119pnienie zbior\u00f3w 2D w Muzeum Tatrza\u0144skim\u201d&nbsp;dofinansowany z Funduszy Europejskich. Celem projektu jest zwi\u0119kszenie poziomu wykorzystania technologii informacyjno-komunikacyjnych w procesie udost\u0119pniania regionalnych zasob\u00f3w kultury i dziedzictwa regionalnego poprzez powstanie infrastruktury umo\u017cliwiaj\u0105cej dost\u0119p do cyfrowych kopii obiekt\u00f3w posiadanych przez muzeum. Dofinansowanie projektu z UE: 348&nbsp;951,00 z\u0142 W [&hellip;]<\/p>\n","protected":false},"author":6,"featured_media":0,"parent":0,"menu_order":0,"comment_status":"closed","ping_status":"closed","template":"","meta":{"footnotes":""},"class_list":["post-29","page","type-page","status-publish","hentry"],"_links":{"self":[{"href":"https:\/\/muzeumtatrzanskie.pl\/portal\/wp-json\/wp\/v2\/pages\/29","targetHints":{"allow":["GET"]}}],"collection":[{"href":"https:\/\/muzeumtatrzanskie.pl\/portal\/wp-json\/wp\/v2\/pages"}],"about":[{"href":"https:\/\/muzeumtatrzanskie.pl\/portal\/wp-json\/wp\/v2\/types\/page"}],"author":[{"embeddable":true,"href":"https:\/\/muzeumtatrzanskie.pl\/portal\/wp-json\/wp\/v2\/users\/6"}],"replies":[{"embeddable":true,"href":"https:\/\/muzeumtatrzanskie.pl\/portal\/wp-json\/wp\/v2\/comments?post=29"}],"version-history":[{"count":7,"href":"https:\/\/muzeumtatrzanskie.pl\/portal\/wp-json\/wp\/v2\/pages\/29\/revisions"}],"predecessor-version":[{"id":66,"href":"https:\/\/muzeumtatrzanskie.pl\/portal\/wp-json\/wp\/v2\/pages\/29\/revisions\/66"}],"wp:attachment":[{"href":"https:\/\/muzeumtatrzanskie.pl\/portal\/wp-json\/wp\/v2\/media?parent=29"}],"curies":[{"name":"wp","href":"https:\/\/api.w.org\/{rel}","templated":true}]}}