{"id":1513,"date":"2020-09-30T11:54:31","date_gmt":"2020-09-30T09:54:31","guid":{"rendered":"http:\/\/muzeumtatrzanskie.pl\/tjaktytus\/?page_id=1513"},"modified":"2020-10-07T12:57:50","modified_gmt":"2020-10-07T10:57:50","slug":"intro-2","status":"publish","type":"page","link":"https:\/\/muzeumtatrzanskie.pl\/tjaktytus\/en\/intro-2\/","title":{"rendered":"Intro &#8211; EN"},"content":{"rendered":"\n<p>\u201eT jak Tytus. Opowie\u015b\u0107 o Kr\u00f3lu Tatr\u201d to pierwsza wirtualna i wyj\u0105tkowa wystawa o doktorze Tytusie Cha\u0142ubi\u0144skim. Wyj\u0105tkowo\u015b\u0107 tej wystawy polega nie tylko na tym, \u017ce odbywa si\u0119 ona w 200. lecie urodzin patrona Muzeum Tatrza\u0144skiego. Jej g\u0142\u00f3wnym atutem jest jej otwarty charakter, \u0142ami\u0105cy nie tylko bariery geograficzne ale pozwalaj\u0105cy na uczestnictwo w obchodach roku Tytusa, osobom chorym i przebywaj\u0105cym w kwarantannie. Jej odmienny i cyfrowy charakter pozwala nam zaprosi\u0107 Pa\u0144stwa do jej wsp\u00f3\u0142tworzenia. Je\u015bli posiadacie pa\u0144stwo jakie\u015b pami\u0105tki, cho\u0107 po\u015brednio zwi\u0105zane z doktorem Tytusem Cha\u0142ubi\u0144skim lub jego dzia\u0142alno\u015bci\u0105, to prosimy o kontakt mailowy z Dzia\u0142em Przyrody. Zdj\u0119cia najciekawszych eksponat\u00f3w postaramy si\u0119 umie\u015bci\u0107 na naszej stronie internetowej. Wirtualny charakter naszej wystawy pozwala nam na potencjalnie nieograniczon\u0105 jej pojemno\u015b\u0107. To dzi\u0119ki temu, b\u0119d\u0105 mogli Pa\u0144stwo po raz pierwszy podziwia\u0107 kompletn\u0105 kolekcj\u0119 tatrza\u0144skich minera\u0142\u00f3w naszego patrona. Mo\u017cliwe jest te\u017c zobaczenie jak pod mikroskopem wygl\u0105daj\u0105 preparaty mch\u00f3w zebranych i preparowanych przez samego doktora Tytusa Cha\u0142ubi\u0144skiego. W galerii natomiast umieszczamy nie tylko dobrze znane zdj\u0119cia z archiwum Muzeum Tatrza\u0144skiego, ale r\u00f3wnie\u017c niepublikowane dotychczas zdj\u0119cia udost\u0119pnione przez potomk\u00f3w. Mam nadziej\u0119, \u017ce ta wystawa b\u0119dzie dla ogl\u0105daj\u0105cych nie tylko uczt\u0105 dla oka, ale r\u00f3wnie\u017c przyczynkiem do lepszego poznania polskiej historii nauk ko\u0144ca XIX wieku.<\/p>\n\n\n\n<figure class=\"wp-block-embed-youtube wp-block-embed is-type-video is-provider-youtube wp-embed-aspect-16-9 wp-has-aspect-ratio\"><div class=\"wp-block-embed__wrapper\">\n<iframe title=\"Wirtualna Wystawa o Tytusie Cha\u0142ubi\u0144skim.\" width=\"640\" height=\"360\" src=\"https:\/\/www.youtube.com\/embed\/UPLgKJBscwU?feature=oembed\" frameborder=\"0\" allow=\"accelerometer; autoplay; clipboard-write; encrypted-media; gyroscope; picture-in-picture\" allowfullscreen><\/iframe>\n<\/div><\/figure>\n\n\n\n<p><strong>Kurator: dr Marcin Warcha\u0142owski<br><\/strong><\/p>\n","protected":false},"excerpt":{"rendered":"<p>\u201eT jak Tytus. Opowie\u015b\u0107 o Kr\u00f3lu Tatr\u201d to pierwsza wirtualna i wyj\u0105tkowa wystawa o doktorze Tytusie Cha\u0142ubi\u0144skim. Wyj\u0105tkowo\u015b\u0107 tej wystawy polega nie tylko na tym, \u017ce odbywa si\u0119 ona w 200. lecie urodzin patrona Muzeum Tatrza\u0144skiego. Jej g\u0142\u00f3wnym atutem jest jej otwarty charakter, \u0142ami\u0105cy nie tylko bariery geograficzne ale pozwalaj\u0105cy na uczestnictwo w obchodach roku [&hellip;]<\/p>\n","protected":false},"author":3,"featured_media":0,"parent":0,"menu_order":0,"comment_status":"closed","ping_status":"closed","template":"intro.php","meta":[],"_links":{"self":[{"href":"https:\/\/muzeumtatrzanskie.pl\/tjaktytus\/wp-json\/wp\/v2\/pages\/1513"}],"collection":[{"href":"https:\/\/muzeumtatrzanskie.pl\/tjaktytus\/wp-json\/wp\/v2\/pages"}],"about":[{"href":"https:\/\/muzeumtatrzanskie.pl\/tjaktytus\/wp-json\/wp\/v2\/types\/page"}],"author":[{"embeddable":true,"href":"https:\/\/muzeumtatrzanskie.pl\/tjaktytus\/wp-json\/wp\/v2\/users\/3"}],"replies":[{"embeddable":true,"href":"https:\/\/muzeumtatrzanskie.pl\/tjaktytus\/wp-json\/wp\/v2\/comments?post=1513"}],"version-history":[{"count":8,"href":"https:\/\/muzeumtatrzanskie.pl\/tjaktytus\/wp-json\/wp\/v2\/pages\/1513\/revisions"}],"predecessor-version":[{"id":3066,"href":"https:\/\/muzeumtatrzanskie.pl\/tjaktytus\/wp-json\/wp\/v2\/pages\/1513\/revisions\/3066"}],"wp:attachment":[{"href":"https:\/\/muzeumtatrzanskie.pl\/tjaktytus\/wp-json\/wp\/v2\/media?parent=1513"}],"curies":[{"name":"wp","href":"https:\/\/api.w.org\/{rel}","templated":true}]}}