{"id":1523,"date":"2020-09-30T11:57:49","date_gmt":"2020-09-30T09:57:49","guid":{"rendered":"http:\/\/muzeumtatrzanskie.pl\/tjaktytus\/?page_id=1523"},"modified":"2020-10-12T14:17:52","modified_gmt":"2020-10-12T12:17:52","slug":"intro-sk","status":"publish","type":"page","link":"https:\/\/muzeumtatrzanskie.pl\/tjaktytus\/sk\/intro-sk\/","title":{"rendered":"Intro &#8211; SK"},"content":{"rendered":"\n<p>\u201eT ako Tytus. Rozpr\u00e1vanie o kr\u00e1\u013eovi Tatier\u201d je prvou virtu\u00e1lnou v\u00fdstavou a z\u00e1rove\u0148 v\u00fdnimo\u010dnou v\u00fdstavou o doktorovi Tytusovi Chalubi\u0148skom. V\u00fdnimo\u010dnos\u0165 tejto v\u00fdstavy spo\u010d\u00edva nielen v tom, \u017ee sa kon\u00e1 pri pr\u00edle\u017eitosti 200-t\u00e9ho v\u00fdro\u010dia naroden\u00edn patr\u00f3na Tatransk\u00e9ho m\u00fazea. Jej hlavnou prednos\u0165ou je jej otvoren\u00e1 podoba, ktor\u00e1 prekon\u00e1va nie len zemepisn\u00e9 prek\u00e1\u017eky ale tie\u017e umo\u017e\u0148uje z\u00fa\u010dastni\u0165 sa osl\u00e1v roku Tytusa \u013eu\u010fom chor\u00fdm a&nbsp;t\u00fdm, ktor\u00ed s\u00fa v&nbsp;karant\u00e9ne. Jej menite\u013en\u00e1&nbsp;elektronick\u00e1 podoba n\u00e1m poskytuje mo\u017enos\u0165 prizva\u0165 v\u00e1s jej spolo\u010dn\u00e9mu tvoreniu. Ak m\u00e1te nejak\u00e9 pamiatky, ktor\u00e9 hoci nepriamo s\u00favisia s&nbsp;doktorom Tytusom Chalubi\u0148sk\u00fdm alebo z&nbsp;jeho p\u00f4soben\u00edm, skontaktujte sa pros\u00edm s&nbsp;na\u0161im pr\u00edrodovedn\u00fdm oddelen\u00edm. Fotografie najzauj\u00edmavej\u0161\u00edch expon\u00e1tov sa vynasna\u017e\u00edme zverejni\u0165 na na\u0161ej internetovej str\u00e1nke. Virtu\u00e1lna podoba na\u0161ej v\u00fdstavy n\u00e1m poskytuje potencion\u00e1lne neobmedzen\u00fd priestor. V\u010faka tomu budete m\u00f4c\u0165 prv\u00fd kr\u00e1t obdivova\u0165 kompletn\u00fa tatransk\u00fa geologick\u00fa zbierku n\u00e1\u0161ho patr\u00f3na. Taktie\u017e m\u00e1te mo\u017enos\u0165 vidie\u0165 ako pod mikroskopom vyzeraj\u00fa prepar\u00e1ty machov pozbieran\u00fdch a&nbsp;vypreparovan\u00fdch samotn\u00fdm doktorom Tytusom Chalubi\u0148sk\u00fdm. V&nbsp;gal\u00e9rii sme umiestnili nie len zn\u00e1me fotografie z&nbsp;arch\u00edvu Tatransk\u00e9ho m\u00fazea ale aj doteraz nezverejnen\u00e9 fotografie zapo\u017ei\u010dan\u00e9 od potomkov Chalubi\u0148sk\u00e9ho. Ver\u00edme, \u017ee t\u00e1to v\u00fdstava bude pre jej n\u00e1v\u0161tevn\u00edkov hostinou pre oko ako aj po\u010diatkom pre lep\u0161ie spozn\u00e1vanie hist\u00f3rie po\u013eskej vedy na konci 20. storo\u010dia.<\/p>\n\n\n\n<figure class=\"wp-block-embed-youtube wp-block-embed is-type-video is-provider-youtube wp-embed-aspect-16-9 wp-has-aspect-ratio\"><div class=\"wp-block-embed__wrapper\">\n<iframe title=\"Wirtualna Wystawa o Tytusie Cha\u0142ubi\u0144skim.\" width=\"640\" height=\"360\" src=\"https:\/\/www.youtube.com\/embed\/UPLgKJBscwU?feature=oembed\" frameborder=\"0\" allow=\"accelerometer; autoplay; clipboard-write; encrypted-media; gyroscope; picture-in-picture\" allowfullscreen><\/iframe>\n<\/div><\/figure>\n\n\n\n<p><strong>Kurator: dr Marcin Warcha\u0142owski<br><\/strong><\/p>\n","protected":false},"excerpt":{"rendered":"<p>\u201eT ako Tytus. Rozpr\u00e1vanie o kr\u00e1\u013eovi Tatier\u201d je prvou virtu\u00e1lnou v\u00fdstavou a z\u00e1rove\u0148 v\u00fdnimo\u010dnou v\u00fdstavou o doktorovi Tytusovi Chalubi\u0148skom. V\u00fdnimo\u010dnos\u0165 tejto v\u00fdstavy spo\u010d\u00edva nielen v tom, \u017ee sa kon\u00e1 pri pr\u00edle\u017eitosti 200-t\u00e9ho v\u00fdro\u010dia naroden\u00edn patr\u00f3na Tatransk\u00e9ho m\u00fazea. Jej hlavnou prednos\u0165ou je jej otvoren\u00e1 podoba, ktor\u00e1 prekon\u00e1va nie len zemepisn\u00e9 prek\u00e1\u017eky ale tie\u017e umo\u017e\u0148uje z\u00fa\u010dastni\u0165 sa [&hellip;]<\/p>\n","protected":false},"author":3,"featured_media":0,"parent":0,"menu_order":0,"comment_status":"closed","ping_status":"closed","template":"intro.php","meta":[],"_links":{"self":[{"href":"https:\/\/muzeumtatrzanskie.pl\/tjaktytus\/wp-json\/wp\/v2\/pages\/1523"}],"collection":[{"href":"https:\/\/muzeumtatrzanskie.pl\/tjaktytus\/wp-json\/wp\/v2\/pages"}],"about":[{"href":"https:\/\/muzeumtatrzanskie.pl\/tjaktytus\/wp-json\/wp\/v2\/types\/page"}],"author":[{"embeddable":true,"href":"https:\/\/muzeumtatrzanskie.pl\/tjaktytus\/wp-json\/wp\/v2\/users\/3"}],"replies":[{"embeddable":true,"href":"https:\/\/muzeumtatrzanskie.pl\/tjaktytus\/wp-json\/wp\/v2\/comments?post=1523"}],"version-history":[{"count":8,"href":"https:\/\/muzeumtatrzanskie.pl\/tjaktytus\/wp-json\/wp\/v2\/pages\/1523\/revisions"}],"predecessor-version":[{"id":4430,"href":"https:\/\/muzeumtatrzanskie.pl\/tjaktytus\/wp-json\/wp\/v2\/pages\/1523\/revisions\/4430"}],"wp:attachment":[{"href":"https:\/\/muzeumtatrzanskie.pl\/tjaktytus\/wp-json\/wp\/v2\/media?parent=1523"}],"curies":[{"name":"wp","href":"https:\/\/api.w.org\/{rel}","templated":true}]}}