{"id":1557,"date":"2020-09-30T15:02:26","date_gmt":"2020-09-30T13:02:26","guid":{"rendered":"http:\/\/muzeumtatrzanskie.pl\/tjaktytus\/?page_id=1557"},"modified":"2020-09-30T15:02:27","modified_gmt":"2020-09-30T13:02:27","slug":"tytus-chalubinski","status":"publish","type":"page","link":"https:\/\/muzeumtatrzanskie.pl\/tjaktytus\/tytus-chalubinski\/","title":{"rendered":"Tytus Cha\u0142ubi\u0144ski"},"content":{"rendered":"\n<p>Tytus Aureliusz Cha\u0142ubi\u0144ski (ur. 29 grudnia 1820 w Radomiu, zm. 4 listopada 1889 w Zakopanem) \u2013 polski lekarz, profesor patologii, botanik (briolog), dzia\u0142acz spo\u0142eczny i polityczny, filantrop, wyk\u0142adowca akademicki, filozof medycyny, taternik i mi\u0142o\u015bnik przyrody, powstaniec w\u0119gierski, pisarz. Jako pierwszy lekarz pochodzenia polskiego zdoby\u0142 mi\u0119dzynarodow\u0105 s\u0142aw\u0119 i powa\u017canie; niekiedy uznawany za najwybitniejszego Polaka drugiej po\u0142owy XIX wieku<\/p>\n","protected":false},"excerpt":{"rendered":"<p>Tytus Aureliusz Cha\u0142ubi\u0144ski (ur. 29 grudnia 1820 w Radomiu, zm. 4 listopada 1889 w Zakopanem) \u2013 polski lekarz, profesor patologii, botanik (briolog), dzia\u0142acz spo\u0142eczny i polityczny, filantrop, wyk\u0142adowca akademicki, filozof medycyny, taternik i mi\u0142o\u015bnik przyrody, powstaniec w\u0119gierski, pisarz. Jako pierwszy lekarz pochodzenia polskiego zdoby\u0142 mi\u0119dzynarodow\u0105 s\u0142aw\u0119 i powa\u017canie; niekiedy uznawany za najwybitniejszego Polaka drugiej po\u0142owy [&hellip;]<\/p>\n","protected":false},"author":3,"featured_media":0,"parent":0,"menu_order":0,"comment_status":"closed","ping_status":"closed","template":"","meta":[],"_links":{"self":[{"href":"https:\/\/muzeumtatrzanskie.pl\/tjaktytus\/wp-json\/wp\/v2\/pages\/1557"}],"collection":[{"href":"https:\/\/muzeumtatrzanskie.pl\/tjaktytus\/wp-json\/wp\/v2\/pages"}],"about":[{"href":"https:\/\/muzeumtatrzanskie.pl\/tjaktytus\/wp-json\/wp\/v2\/types\/page"}],"author":[{"embeddable":true,"href":"https:\/\/muzeumtatrzanskie.pl\/tjaktytus\/wp-json\/wp\/v2\/users\/3"}],"replies":[{"embeddable":true,"href":"https:\/\/muzeumtatrzanskie.pl\/tjaktytus\/wp-json\/wp\/v2\/comments?post=1557"}],"version-history":[{"count":1,"href":"https:\/\/muzeumtatrzanskie.pl\/tjaktytus\/wp-json\/wp\/v2\/pages\/1557\/revisions"}],"predecessor-version":[{"id":1661,"href":"https:\/\/muzeumtatrzanskie.pl\/tjaktytus\/wp-json\/wp\/v2\/pages\/1557\/revisions\/1661"}],"wp:attachment":[{"href":"https:\/\/muzeumtatrzanskie.pl\/tjaktytus\/wp-json\/wp\/v2\/media?parent=1557"}],"curies":[{"name":"wp","href":"https:\/\/api.w.org\/{rel}","templated":true}]}}