{"id":2893,"date":"2020-10-06T11:28:31","date_gmt":"2020-10-06T09:28:31","guid":{"rendered":"http:\/\/muzeumtatrzanskie.pl\/tjaktytus\/?page_id=2893"},"modified":"2020-10-14T10:48:06","modified_gmt":"2020-10-14T08:48:06","slug":"tatrzanskie-wyprawy-t-chalubinskiego","status":"publish","type":"page","link":"https:\/\/muzeumtatrzanskie.pl\/tjaktytus\/sk\/tatrzanskie-wyprawy-t-chalubinskiego\/","title":{"rendered":"Tatransk\u00e9 v\u00fdpravy doktora Tytusa Chalubi\u0148sk\u00e9ho"},"content":{"rendered":"\n<div class=\"wp-block-columns\">\n<div class=\"wp-block-column\">\r\n<div class=\"feature__block__item\" data-aos=\"zoom-in\" data-aos-delay=\"500\" data-aos-offset=\"0\">\r\n    <h2>1.-3. augusta<\/h2>\r\n    <a class=\"btn lnr\" href=\"http:\/\/muzeumtatrzanskie.pl\/tjaktytus\/sk\/journey\/1-3-sierpnia-1882-2\/\"\r\n        target=\"_self\">Pozri mapu<\/a>\r\n    <div class=\"feature__block__item__img\">\r\n        <div class=\"feature__block__item__img__img\" style=\"background:url(https:\/\/muzeumtatrzanskie.pl\/tjaktytus\/wp-content\/uploads\/2020\/10\/02_1875_Tytus-Chalubinski-z-przewodnikami_ok-1875_AFMT25920-2-300x220.jpg)\">\r\n\r\n        <\/div>\r\n    <\/div>\r\n<\/div><\/div>\n\n\n\n<div class=\"wp-block-column\">\r\n<div class=\"feature__block__item\" data-aos=\"zoom-in\" data-aos-delay=\"500\" data-aos-offset=\"0\">\r\n    <h2>13.-15. augusta<\/h2>\r\n    <a class=\"btn lnr\" href=\"http:\/\/muzeumtatrzanskie.pl\/tjaktytus\/sk\/journey\/wedrowka-numer-2-2\/\"\r\n        target=\"_self\">Pozri mapu<\/a>\r\n    <div class=\"feature__block__item__img\">\r\n        <div class=\"feature__block__item__img__img\" style=\"background:url(https:\/\/muzeumtatrzanskie.pl\/tjaktytus\/wp-content\/uploads\/2020\/10\/AF_11429_VI_006-lekkieth-2-300x300.jpg)\">\r\n\r\n        <\/div>\r\n    <\/div>\r\n<\/div><\/div>\n<\/div>\n\n\n\n<p><\/p>\n","protected":false},"excerpt":{"rendered":"","protected":false},"author":7,"featured_media":0,"parent":0,"menu_order":0,"comment_status":"closed","ping_status":"closed","template":"journey.php","meta":[],"_links":{"self":[{"href":"https:\/\/muzeumtatrzanskie.pl\/tjaktytus\/wp-json\/wp\/v2\/pages\/2893"}],"collection":[{"href":"https:\/\/muzeumtatrzanskie.pl\/tjaktytus\/wp-json\/wp\/v2\/pages"}],"about":[{"href":"https:\/\/muzeumtatrzanskie.pl\/tjaktytus\/wp-json\/wp\/v2\/types\/page"}],"author":[{"embeddable":true,"href":"https:\/\/muzeumtatrzanskie.pl\/tjaktytus\/wp-json\/wp\/v2\/users\/7"}],"replies":[{"embeddable":true,"href":"https:\/\/muzeumtatrzanskie.pl\/tjaktytus\/wp-json\/wp\/v2\/comments?post=2893"}],"version-history":[{"count":22,"href":"https:\/\/muzeumtatrzanskie.pl\/tjaktytus\/wp-json\/wp\/v2\/pages\/2893\/revisions"}],"predecessor-version":[{"id":4627,"href":"https:\/\/muzeumtatrzanskie.pl\/tjaktytus\/wp-json\/wp\/v2\/pages\/2893\/revisions\/4627"}],"wp:attachment":[{"href":"https:\/\/muzeumtatrzanskie.pl\/tjaktytus\/wp-json\/wp\/v2\/media?parent=2893"}],"curies":[{"name":"wp","href":"https:\/\/api.w.org\/{rel}","templated":true}]}}