{"id":4509,"date":"2020-10-13T07:52:58","date_gmt":"2020-10-13T05:52:58","guid":{"rendered":"http:\/\/muzeumtatrzanskie.pl\/tjaktytus\/?page_id=4509"},"modified":"2020-10-13T07:52:59","modified_gmt":"2020-10-13T05:52:59","slug":"tytus-chalubinski-3","status":"publish","type":"page","link":"https:\/\/muzeumtatrzanskie.pl\/tjaktytus\/sk\/tytus-chalubinski-3\/","title":{"rendered":"Tytus Cha\u0142ubi\u0144ski"},"content":{"rendered":"\n<p>Tytus Aureliusz Chalubi\u0148ski (nar. 29. decembra 1820 v meste Radom, zom. 4. novembra 1889 v Zakopanom) \u2013 po\u013esk\u00fd lek\u00e1r, profesor patol\u00f3gie, botanik (briol\u00f3g), spolo\u010densk\u00fd a&nbsp;politick\u00fd \u010dinovn\u00edk, filantrop, vysoko\u0161kolsk\u00fd&nbsp;pedag\u00f3g, medic\u00ednsky filozof, milovn\u00edk Tatier a pr\u00edrodovedec, \u00fa\u010dastn\u00edk ma\u010farsk\u00e9ho povstania, spisovate\u013e. Ako prv\u00fd lek\u00e1r po\u013esk\u00e9ho p\u00f4vodu z\u00edskal medzin\u00e1rodn\u00fa sl\u00e1vu a uznanie. Niekedy je pova\u017eovan\u00fd za najv\u00fdznamnej\u0161ieho Poliaka v&nbsp;druhej polovici 19. storo\u010dia.<\/p>\n","protected":false},"excerpt":{"rendered":"<p>Tytus Aureliusz Chalubi\u0148ski (nar. 29. decembra 1820 v meste Radom, zom. 4. novembra 1889 v Zakopanom) \u2013 po\u013esk\u00fd lek\u00e1r, profesor patol\u00f3gie, botanik (briol\u00f3g), spolo\u010densk\u00fd a&nbsp;politick\u00fd \u010dinovn\u00edk, filantrop, vysoko\u0161kolsk\u00fd&nbsp;pedag\u00f3g, medic\u00ednsky filozof, milovn\u00edk Tatier a pr\u00edrodovedec, \u00fa\u010dastn\u00edk ma\u010farsk\u00e9ho povstania, spisovate\u013e. Ako prv\u00fd lek\u00e1r po\u013esk\u00e9ho p\u00f4vodu z\u00edskal medzin\u00e1rodn\u00fa sl\u00e1vu a uznanie. Niekedy je pova\u017eovan\u00fd za najv\u00fdznamnej\u0161ieho Poliaka v&nbsp;druhej [&hellip;]<\/p>\n","protected":false},"author":7,"featured_media":0,"parent":0,"menu_order":0,"comment_status":"closed","ping_status":"closed","template":"","meta":[],"_links":{"self":[{"href":"https:\/\/muzeumtatrzanskie.pl\/tjaktytus\/wp-json\/wp\/v2\/pages\/4509"}],"collection":[{"href":"https:\/\/muzeumtatrzanskie.pl\/tjaktytus\/wp-json\/wp\/v2\/pages"}],"about":[{"href":"https:\/\/muzeumtatrzanskie.pl\/tjaktytus\/wp-json\/wp\/v2\/types\/page"}],"author":[{"embeddable":true,"href":"https:\/\/muzeumtatrzanskie.pl\/tjaktytus\/wp-json\/wp\/v2\/users\/7"}],"replies":[{"embeddable":true,"href":"https:\/\/muzeumtatrzanskie.pl\/tjaktytus\/wp-json\/wp\/v2\/comments?post=4509"}],"version-history":[{"count":1,"href":"https:\/\/muzeumtatrzanskie.pl\/tjaktytus\/wp-json\/wp\/v2\/pages\/4509\/revisions"}],"predecessor-version":[{"id":4510,"href":"https:\/\/muzeumtatrzanskie.pl\/tjaktytus\/wp-json\/wp\/v2\/pages\/4509\/revisions\/4510"}],"wp:attachment":[{"href":"https:\/\/muzeumtatrzanskie.pl\/tjaktytus\/wp-json\/wp\/v2\/media?parent=4509"}],"curies":[{"name":"wp","href":"https:\/\/api.w.org\/{rel}","templated":true}]}}